{"id":3496,"date":"2025-03-06T19:54:13","date_gmt":"2025-03-06T19:54:13","guid":{"rendered":"https:\/\/inter-brueckenbauer.com\/?page_id=3496"},"modified":"2026-01-05T16:05:44","modified_gmt":"2026-01-05T16:05:44","slug":"imprint-2","status":"publish","type":"page","link":"https:\/\/inter-brueckenbauer.com\/de\/imprint-2\/","title":{"rendered":"Impressum"},"content":{"rendered":"<div data-elementor-type=\"wp-page\" data-elementor-id=\"3496\" class=\"elementor elementor-3496\">\n\t\t\t\t<div class=\"elementor-element elementor-element-1849320 e-flex e-con-boxed e-con e-parent\" data-id=\"1849320\" data-element_type=\"container\" data-e-type=\"container\" data-settings=\"{&quot;background_background&quot;:&quot;classic&quot;}\">\n\t\t\t\t\t<div class=\"e-con-inner\">\n\t\t<div class=\"elementor-element elementor-element-18a774d e-con-full e-flex e-con e-child\" data-id=\"18a774d\" data-element_type=\"container\" data-e-type=\"container\">\n\t\t\t\t<div class=\"elementor-element elementor-element-aaf15f5 elementor-widget elementor-widget-heading\" data-id=\"aaf15f5\" data-element_type=\"widget\" data-e-type=\"widget\" data-widget_type=\"heading.default\">\n\t\t\t\t<div class=\"elementor-widget-container\">\n\t\t\t\t\t<h1 class=\"elementor-heading-title elementor-size-default\">Impressum<\/h1>\t\t\t\t<\/div>\n\t\t\t\t<\/div>\n\t\t\t\t<\/div>\n\t\t\t\t\t<\/div>\n\t\t\t\t<\/div>\n\t\t<div class=\"elementor-element elementor-element-e369ce4 e-flex e-con-boxed e-con e-parent\" data-id=\"e369ce4\" data-element_type=\"container\" data-e-type=\"container\">\n\t\t\t\t\t<div class=\"e-con-inner\">\n\t\t\t\t<div class=\"elementor-element elementor-element-6004bb3 elementor-arrows-position-inside elementor-pagination-position-outside elementor-widget elementor-widget-image-carousel\" data-id=\"6004bb3\" data-element_type=\"widget\" data-e-type=\"widget\" data-settings=\"{&quot;navigation&quot;:&quot;both&quot;,&quot;autoplay&quot;:&quot;yes&quot;,&quot;pause_on_hover&quot;:&quot;yes&quot;,&quot;pause_on_interaction&quot;:&quot;yes&quot;,&quot;autoplay_speed&quot;:5000,&quot;infinite&quot;:&quot;yes&quot;,&quot;speed&quot;:500}\" data-widget_type=\"image-carousel.default\">\n\t\t\t\t<div class=\"elementor-widget-container\">\n\t\t\t\t\t\t\t<div class=\"elementor-image-carousel-wrapper swiper\" role=\"region\" aria-roledescription=\"carousel\" aria-label=\"Image Carousel\" dir=\"ltr\">\n\t\t\t<div class=\"elementor-image-carousel swiper-wrapper\" aria-live=\"off\">\n\t\t\t\t\t\t\t\t<div class=\"swiper-slide\" role=\"group\" aria-roledescription=\"slide\" aria-label=\"1 von 4\" data-no-translation-aria-label=\"\"><figure class=\"swiper-slide-inner\"><img decoding=\"async\" class=\"swiper-slide-image\" src=\"https:\/\/inter-brueckenbauer.com\/wp-content\/uploads\/2025\/11\/Untitled_design-removebg-preview.png\" alt=\"\" \/><\/figure><\/div><div class=\"swiper-slide\" role=\"group\" aria-roledescription=\"slide\" aria-label=\"2 von 4\" data-no-translation-aria-label=\"\"><figure class=\"swiper-slide-inner\"><img decoding=\"async\" class=\"swiper-slide-image\" src=\"https:\/\/inter-brueckenbauer.com\/wp-content\/uploads\/2025\/11\/Untitled_design-removebg-preview-1.png\" alt=\"\" \/><\/figure><\/div><div class=\"swiper-slide\" role=\"group\" aria-roledescription=\"slide\" aria-label=\"3 von 4\" data-no-translation-aria-label=\"\"><figure class=\"swiper-slide-inner\"><img decoding=\"async\" class=\"swiper-slide-image\" src=\"https:\/\/inter-brueckenbauer.com\/wp-content\/uploads\/elementor\/thumbs\/Untitled_design-removebg-preview-2-redpb01wu2tg7ig4etykhr7wdoty1jg29te8bcfmbg.png\" alt=\"Untitled_design-removebg-preview\" \/><\/figure><\/div><div class=\"swiper-slide\" role=\"group\" aria-roledescription=\"slide\" aria-label=\"4 von 4\" data-no-translation-aria-label=\"\"><figure class=\"swiper-slide-inner\"><img decoding=\"async\" class=\"swiper-slide-image\" src=\"https:\/\/inter-brueckenbauer.com\/wp-content\/uploads\/2025\/11\/Untitled_design-removebg-preview-3.png\" alt=\"\" \/><\/figure><\/div>\t\t\t<\/div>\n\t\t\t\t\t\t\t\t\t\t\t\t<div class=\"elementor-swiper-button elementor-swiper-button-prev\" role=\"button\" tabindex=\"0\">\n\t\t\t\t\t\t<svg aria-hidden=\"true\" class=\"e-font-icon-svg e-eicon-chevron-left\" viewbox=\"0 0 1000 1000\" xmlns=\"http:\/\/www.w3.org\/2000\/svg\"><path d=\"M646 125C629 125 613 133 604 142L308 442C296 454 292 471 292 487 292 504 296 521 308 533L604 854C617 867 629 875 646 875 663 875 679 871 692 858 704 846 713 829 713 812 713 796 708 779 692 767L438 487 692 225C700 217 708 204 708 187 708 171 704 154 692 142 675 129 663 125 646 125Z\"><\/path><\/svg>\t\t\t\t\t<\/div>\n\t\t\t\t\t<div class=\"elementor-swiper-button elementor-swiper-button-next\" role=\"button\" tabindex=\"0\">\n\t\t\t\t\t\t<svg aria-hidden=\"true\" class=\"e-font-icon-svg e-eicon-chevron-right\" viewbox=\"0 0 1000 1000\" xmlns=\"http:\/\/www.w3.org\/2000\/svg\"><path d=\"M696 533C708 521 713 504 713 487 713 471 708 454 696 446L400 146C388 133 375 125 354 125 338 125 325 129 313 142 300 154 292 171 292 187 292 204 296 221 308 233L563 492 304 771C292 783 288 800 288 817 288 833 296 850 308 863 321 871 338 875 354 875 371 875 388 867 400 854L696 533Z\"><\/path><\/svg>\t\t\t\t\t<\/div>\n\t\t\t\t\n\t\t\t\t\t\t\t\t\t<div class=\"swiper-pagination\"><\/div>\n\t\t\t\t\t\t\t\t\t<\/div>\n\t\t\t\t\t\t<\/div>\n\t\t\t\t<\/div>\n\t\t\t\t\t<\/div>\n\t\t\t\t<\/div>\n\t\t<div class=\"elementor-element elementor-element-97e4322 e-flex e-con-boxed e-con e-parent\" data-id=\"97e4322\" data-element_type=\"container\" data-e-type=\"container\">\n\t\t\t\t\t<div class=\"e-con-inner\">\n\t\t<div class=\"elementor-element elementor-element-04666ae e-con-full e-flex elementor-invisible e-con e-child\" data-id=\"04666ae\" data-element_type=\"container\" data-e-type=\"container\" data-settings=\"{&quot;animation&quot;:&quot;fadeInLeft&quot;}\">\n\t\t\t\t<div class=\"elementor-element elementor-element-aedec93 elementor-widget elementor-widget-text-editor\" data-id=\"aedec93\" data-element_type=\"widget\" data-e-type=\"widget\" data-widget_type=\"text-editor.default\">\n\t\t\t\t<div class=\"elementor-widget-container\">\n\t\t\t\t\t\t\t\t\t<p>Die folgenden Informationen gelten ebenfalls f\u00fcr unsere Profile auf Xing, Facebook, LinkedIn, Twitter und Instagram.<\/p><p>International Br\u00fceckenbauer s.a.r.l.<\/p><p>01 AL HIZAM,<\/p><p>Ouarzazate 45000,<\/p><p>Marokko<\/p><p>Tel:\u00a0+212 6 74666684<br \/>E-Mail:\u00a0<a href=\"https:\/\/login.microsoftonline.com\/common\/oauth2\/v2.0\/authorize?client_id=9199bf20-a13f-4107-85dc-02114787ef48&amp;scope=httpsoutlook.office.com.defaultopenidprofileoffline_access&amp;redirect_uri=httpsoutlook.office.commail&amp;client-request-id=33c883d1-844f-dc4c-d579-18d9bb0247b1&amp;response_mode=fragment&amp;response_type=code&amp;x-client-SKU=msal.js.browser&amp;x-client-VER=4.4.0&amp;client_info=1&amp;code_challenge=m5-B1VEGnlHpzbcCmuMpRZl8zMyiJH69TbSWYzwV6jk&amp;code_challenge_method=S256&amp;prompt=select_account&amp;nonce=0195f6b1-e479-7e92-a3a1-a9263cd59d72&amp;state=eyJpZCI6IjAxOTVmNmIxLWU0NzktN2ZmNi1iNzBiLWQ4NDMyYWZiM2ExMiIsIm1ldGEiOnsiaW50ZXJhY3Rpb25UeXBlIjoicmVkaXJlY3QifX0&amp;claims=access_tokenxms_ccvaluesCP1\">contact@inter-brueckenbauer.com<\/a><\/p><p>Company headquarter: Ouarzazate<\/p><p><strong>Tax Identification (IF &amp; ICE):<\/strong>\u00a0[<strong>66196178<\/strong>\u00a0,\u00a0<strong>003665152000005<\/strong>]<\/p><h3><strong>Haftung f\u00fcr Inhalte<\/strong><\/h3><p>Die Inhalte dieser Website wurden mit gr\u00f6\u00dftm\u00f6glicher Sorgfalt erstellt. Dennoch \u00fcbernehmen wir keine Gew\u00e4hr f\u00fcr die Richtigkeit, Vollst\u00e4ndigkeit und Aktualit\u00e4t der bereitgestellten Informationen.<\/p><p>Als Betreiber dieser Website sind wir gem\u00e4\u00df marokkanischem Recht f\u00fcr eigene Inhalte verantwortlich. Wir sind jedoch nicht verpflichtet, \u00fcbermittelte oder gespeicherte fremde Informationen systematisch zu \u00fcberwachen oder aktiv nach Umst\u00e4nden zu suchen, die auf eine rechtswidrige T\u00e4tigkeit hinweisen<\/p><p>Verpflichtungen zur Entfernung oder Sperrung der Nutzung von Informationen nach marokkanischem Recht bleiben hiervon unber\u00fchrt. Eine diesbez\u00fcgliche Haftung ist jedoch erst ab dem Zeitpunkt m\u00f6glich, zu dem wir Kenntnis von einer konkreten Rechtsverletzung erlangen. Sobald uns entsprechende Rechtsverletzungen bekannt werden, werden wir diese Inhalte umgehend entfernen<\/p><h3><strong>Datenschutz und Datenverarbeitung<\/strong><\/h3><p>Personenbezogene Daten, die \u00fcber diese Website erhoben werden, werden ausschlie\u00dflich zum Zweck der Bearbeitung von Anfragen oder der Erbringung von Dienstleistungen verarbeitet. Empf\u00e4nger dieser Daten ist\u00a0<a href=\"https:\/\/login.microsoftonline.com\/common\/oauth2\/v2.0\/authorize?client_id=9199bf20-a13f-4107-85dc-02114787ef48&amp;scope=httpsoutlook.office.com.defaultopenidprofileoffline_access&amp;redirect_uri=httpsoutlook.office.commail&amp;client-request-id=33c883d1-844f-dc4c-d579-18d9bb0247b1&amp;response_mode=fragment&amp;response_type=code&amp;x-client-SKU=msal.js.browser&amp;x-client-VER=4.4.0&amp;client_info=1&amp;code_challenge=m5-B1VEGnlHpzbcCmuMpRZl8zMyiJH69TbSWYzwV6jk&amp;code_challenge_method=S256&amp;prompt=select_account&amp;nonce=0195f6b1-e479-7e92-a3a1-a9263cd59d72&amp;state=eyJpZCI6IjAxOTVmNmIxLWU0NzktN2ZmNi1iNzBiLWQ4NDMyYWZiM2ExMiIsIm1ldGEiOnsiaW50ZXJhY3Rpb25UeXBlIjoicmVkaXJlY3QifX0&amp;claims=access_tokenxms_ccvaluesCP1\">contact@inter-brueckenbauer.com<\/a>.<\/p><p>In accordance with\u00a0<strong>Law No. 09-08<\/strong>\u00a0Zum Schutz nat\u00fcrlicher Personen bei der Verarbeitung personenbezogener Daten haben Sie das Recht auf Zugang, Berichtigung und L\u00f6schung Ihrer personenbezogenen Daten. Sie k\u00f6nnen diese Rechte aus\u00fcben, indem Sie sich mit uns in Verbindung setzen:\u00a0<a href=\"https:\/\/login.microsoftonline.com\/common\/oauth2\/v2.0\/authorize?client_id=9199bf20-a13f-4107-85dc-02114787ef48&amp;scope=httpsoutlook.office.com.defaultopenidprofileoffline_access&amp;redirect_uri=httpsoutlook.office.commail&amp;client-request-id=33c883d1-844f-dc4c-d579-18d9bb0247b1&amp;response_mode=fragment&amp;response_type=code&amp;x-client-SKU=msal.js.browser&amp;x-client-VER=4.4.0&amp;client_info=1&amp;code_challenge=m5-B1VEGnlHpzbcCmuMpRZl8zMyiJH69TbSWYzwV6jk&amp;code_challenge_method=S256&amp;prompt=select_account&amp;nonce=0195f6b1-e479-7e92-a3a1-a9263cd59d72&amp;state=eyJpZCI6IjAxOTVmNmIxLWU0NzktN2ZmNi1iNzBiLWQ4NDMyYWZiM2ExMiIsIm1ldGEiOnsiaW50ZXJhY3Rpb25UeXBlIjoicmVkaXJlY3QifX0&amp;claims=access_tokenxms_ccvaluesCP1\">contact@inter-brueckenbauer.com<\/a>.<\/p><p>Falls zutreffend, werden unsere Datenverarbeitungsaktivit\u00e4ten bei der\u00a0<strong>Nationale Kontrollkommission f\u00fcr den Schutz personenbezogener Daten (CNDP)<\/strong>.<\/p><h3><strong>Urheberrecht &amp; geistiges Eigentum<\/strong><\/h3><p>Alle Elemente dieser Website, einschlie\u00dflich Texte, Bilder, Logos und Grafiken, sind durch marokkanisches Recht zum Schutz des geistigen Eigentums gesch\u00fctzt. Jede Vervielf\u00e4ltigung, Verbreitung, \u00c4nderung oder kommerzielle Nutzung des Inhalts, ganz oder teilweise, ist ohne vorherige Genehmigung von\u00a0<strong>International Br\u00fceckenbauer s.a.r.l.<\/strong>strengstens untersagt<\/p>\t\t\t\t\t\t\t\t<\/div>\n\t\t\t\t<\/div>\n\t\t\t\t<\/div>\n\t\t\t\t\t<\/div>\n\t\t\t\t<\/div>\n\t\t<div class=\"elementor-element elementor-element-fa0de39 e-flex e-con-boxed e-con e-parent\" data-id=\"fa0de39\" data-element_type=\"container\" data-e-type=\"container\">\n\t\t\t\t\t<div class=\"e-con-inner\">\n\t\t\t\t\t<\/div>\n\t\t\t\t<\/div>\n\t\t\t\t<\/div>","protected":false},"excerpt":{"rendered":"<p>imprint The following information also applies to our pages on Xing, Facebook, LinkedIn, Twitter and Instagram. International Br\u00fceckenbauer s.a.r.l. 01 AL HIZAM, Ouarzazate 45000, Morocco Telephone:\u00a0+212 6 74666684E-Mail:\u00a0contact@inter-brueckenbauer.com Company headquarter: Ouarzazate Tax Identification (IF &amp; ICE):\u00a0[66196178\u00a0,\u00a0003665152000005] Liability for Content The content of this website has been created with the utmost care. However, we do not [&hellip;]<\/p>","protected":false},"author":1,"featured_media":0,"parent":0,"menu_order":0,"comment_status":"closed","ping_status":"closed","template":"","meta":{"_uag_custom_page_level_css":"","site-sidebar-layout":"no-sidebar","site-content-layout":"page-builder","ast-site-content-layout":"full-width-container","site-content-style":"unboxed","site-sidebar-style":"unboxed","ast-global-header-display":"","ast-banner-title-visibility":"","ast-main-header-display":"","ast-hfb-above-header-display":"","ast-hfb-below-header-display":"","ast-hfb-mobile-header-display":"","site-post-title":"disabled","ast-breadcrumbs-content":"disabled","ast-featured-img":"disabled","footer-sml-layout":"","ast-disable-related-posts":"","theme-transparent-header-meta":"enabled","adv-header-id-meta":"","stick-header-meta":"","header-above-stick-meta":"","header-main-stick-meta":"","header-below-stick-meta":"","astra-migrate-meta-layouts":"set","ast-page-background-enabled":"default","ast-page-background-meta":{"desktop":{"background-color":"","background-image":"","background-repeat":"repeat","background-position":"center center","background-size":"auto","background-attachment":"scroll","background-type":"","background-media":"","overlay-type":"","overlay-color":"","overlay-opacity":"","overlay-gradient":""},"tablet":{"background-color":"","background-image":"","background-repeat":"repeat","background-position":"center center","background-size":"auto","background-attachment":"scroll","background-type":"","background-media":"","overlay-type":"","overlay-color":"","overlay-opacity":"","overlay-gradient":""},"mobile":{"background-color":"","background-image":"","background-repeat":"repeat","background-position":"center center","background-size":"auto","background-attachment":"scroll","background-type":"","background-media":"","overlay-type":"","overlay-color":"","overlay-opacity":"","overlay-gradient":""}},"ast-content-background-meta":{"desktop":{"background-color":"var(--ast-global-color-5)","background-image":"","background-repeat":"repeat","background-position":"center center","background-size":"auto","background-attachment":"scroll","background-type":"","background-media":"","overlay-type":"","overlay-color":"","overlay-opacity":"","overlay-gradient":""},"tablet":{"background-color":"var(--ast-global-color-5)","background-image":"","background-repeat":"repeat","background-position":"center center","background-size":"auto","background-attachment":"scroll","background-type":"","background-media":"","overlay-type":"","overlay-color":"","overlay-opacity":"","overlay-gradient":""},"mobile":{"background-color":"var(--ast-global-color-5)","background-image":"","background-repeat":"repeat","background-position":"center center","background-size":"auto","background-attachment":"scroll","background-type":"","background-media":"","overlay-type":"","overlay-color":"","overlay-opacity":"","overlay-gradient":""}},"footnotes":""},"class_list":["post-3496","page","type-page","status-publish","hentry"],"uagb_featured_image_src":{"full":false,"thumbnail":false,"medium":false,"medium_large":false,"large":false,"1536x1536":false,"2048x2048":false,"trp-custom-language-flag":false},"uagb_author_info":{"display_name":"inter.brueckenbauer@gmail.com","author_link":"https:\/\/inter-brueckenbauer.com\/de\/author\/inter-brueckenbauergmail-com\/"},"uagb_comment_info":0,"uagb_excerpt":"imprint The following information also applies to our pages on Xing, Facebook, LinkedIn, Twitter and Instagram. International Br\u00fceckenbauer s.a.r.l. 01 AL HIZAM, Ouarzazate 45000, Morocco Telephone:\u00a0+212 6 74666684E-Mail:\u00a0contact@inter-brueckenbauer.com Company headquarter: Ouarzazate Tax Identification (IF &amp; ICE):\u00a0[66196178\u00a0,\u00a0003665152000005] Liability for Content The content of this website has been created with the utmost care. However, we do not&hellip;","_links":{"self":[{"href":"https:\/\/inter-brueckenbauer.com\/de\/wp-json\/wp\/v2\/pages\/3496","targetHints":{"allow":["GET"]}}],"collection":[{"href":"https:\/\/inter-brueckenbauer.com\/de\/wp-json\/wp\/v2\/pages"}],"about":[{"href":"https:\/\/inter-brueckenbauer.com\/de\/wp-json\/wp\/v2\/types\/page"}],"author":[{"embeddable":true,"href":"https:\/\/inter-brueckenbauer.com\/de\/wp-json\/wp\/v2\/users\/1"}],"replies":[{"embeddable":true,"href":"https:\/\/inter-brueckenbauer.com\/de\/wp-json\/wp\/v2\/comments?post=3496"}],"version-history":[{"count":29,"href":"https:\/\/inter-brueckenbauer.com\/de\/wp-json\/wp\/v2\/pages\/3496\/revisions"}],"predecessor-version":[{"id":5160,"href":"https:\/\/inter-brueckenbauer.com\/de\/wp-json\/wp\/v2\/pages\/3496\/revisions\/5160"}],"wp:attachment":[{"href":"https:\/\/inter-brueckenbauer.com\/de\/wp-json\/wp\/v2\/media?parent=3496"}],"curies":[{"name":"wp","href":"https:\/\/api.w.org\/{rel}","templated":true}]}}